{"id":1810,"date":"2016-11-07T15:56:58","date_gmt":"2016-11-07T15:56:58","guid":{"rendered":"http:\/\/www.24-7.fr\/blog\/?page_id=1810"},"modified":"2024-06-20T07:58:14","modified_gmt":"2024-06-20T07:58:14","slug":"24-7-blog-casse-croute-digital","status":"publish","type":"page","link":"https:\/\/www.24-7.fr\/blog\/","title":{"rendered":"Accueil"},"content":{"rendered":"<p>[et_pb_section fb_built=\u00a0\u00bb1&Prime; custom_padding_last_edited=\u00a0\u00bbon|desktop\u00a0\u00bb admin_label=\u00a0\u00bbsection\u00a0\u00bb _builder_version=\u00a0\u00bb4.16&Prime; background_color=\u00a0\u00bbrgba(255,255,255,0)\u00a0\u00bb custom_padding_tablet=\u00a0\u00bb50px|0|50px|0&Prime; custom_padding_phone=\u00a0\u00bb50px|0|50px|0&Prime; transparent_background=\u00a0\u00bboff\u00a0\u00bb padding_mobile=\u00a0\u00bboff\u00a0\u00bb make_fullwidth=\u00a0\u00bboff\u00a0\u00bb use_custom_width=\u00a0\u00bboff\u00a0\u00bb width_unit=\u00a0\u00bbon\u00a0\u00bb global_colors_info=\u00a0\u00bb{}\u00a0\u00bb][et_pb_row column_structure=\u00a0\u00bb3_4,1_4&Prime; admin_label=\u00a0\u00bbrow\u00a0\u00bb _builder_version=\u00a0\u00bb4.16&Prime; background_size=\u00a0\u00bbinitial\u00a0\u00bb background_position=\u00a0\u00bbtop_left\u00a0\u00bb background_repeat=\u00a0\u00bbrepeat\u00a0\u00bb global_colors_info=\u00a0\u00bb{}\u00a0\u00bb][et_pb_column type=\u00a0\u00bb3_4&Prime; _builder_version=\u00a0\u00bb4.16&Prime; custom_padding=\u00a0\u00bb|||\u00a0\u00bb global_colors_info=\u00a0\u00bb{}\u00a0\u00bb custom_padding__hover=\u00a0\u00bb|||\u00a0\u00bb][et_pb_blog fullwidth=\u00a0\u00bboff\u00a0\u00bb show_more=\u00a0\u00bbon\u00a0\u00bb show_author=\u00a0\u00bboff\u00a0\u00bb show_categories=\u00a0\u00bboff\u00a0\u00bb admin_label=\u00a0\u00bbBlog\u00a0\u00bb _builder_version=\u00a0\u00bb4.24.2&Prime; use_border_color=\u00a0\u00bboff\u00a0\u00bb border_color=\u00a0\u00bb#ffffff\u00a0\u00bb border_style=\u00a0\u00bbsolid\u00a0\u00bb use_dropshadow=\u00a0\u00bboff\u00a0\u00bb global_colors_info=\u00a0\u00bb{}\u00a0\u00bb] [\/et_pb_blog][\/et_pb_column][et_pb_column type=\u00a0\u00bb1_4&Prime; _builder_version=\u00a0\u00bb4.16&Prime; custom_padding=\u00a0\u00bb|||\u00a0\u00bb global_colors_info=\u00a0\u00bb{}\u00a0\u00bb custom_padding__hover=\u00a0\u00bb|||\u00a0\u00bb][et_pb_sidebar orientation=\u00a0\u00bbright\u00a0\u00bb area=\u00a0\u00bbsidebar-1&Prime; admin_label=\u00a0\u00bbBarre lat\u00e9rale\u00a0\u00bb _builder_version=\u00a0\u00bb4.24.2&Prime; body_font_size=\u00a0\u00bb15px\u00a0\u00bb remove_border=\u00a0\u00bboff\u00a0\u00bb global_colors_info=\u00a0\u00bb{}\u00a0\u00bb] [\/et_pb_sidebar][\/et_pb_column][\/et_pb_row][\/et_pb_section]<\/p>\n","protected":false},"excerpt":{"rendered":"<p>Il ne vous manque peut-\u00eatre pas grand chose pour optimiser votre site e-commerce et transformer vos visiteurs en clients. Nous vous d\u00e9voilons les am\u00e9liorations qui feront d\u00e9coler le taux de conversion de votre boutique en ligne.<\/p>\n","protected":false},"author":10,"featured_media":0,"parent":0,"menu_order":0,"comment_status":"closed","ping_status":"closed","template":"","meta":{"_acf_changed":false,"_et_pb_use_builder":"on","_et_pb_old_content":"","_et_gb_content_width":"","footnotes":""},"class_list":["post-1810","page","type-page","status-publish","hentry"],"acf":[],"yoast_head":"<!-- This site is optimized with the Yoast SEO plugin v27.3 - https:\/\/yoast.com\/product\/yoast-seo-wordpress\/ -->\n<title>Accueil - Casse-cro\u00fbte digital<\/title>\n<meta name=\"description\" content=\"Bienvenue dans le blog de 24-7 : le casse-cro\u00fbte digital . Dans ce blog nous parlerons des actualit\u00e9s digital du moment et de nos services.\" \/>\n<meta name=\"robots\" content=\"index, follow, max-snippet:-1, max-image-preview:large, max-video-preview:-1\" \/>\n<link rel=\"canonical\" href=\"https:\/\/www.24-7.fr\/blog\/\" \/>\n<meta property=\"og:locale\" content=\"fr_FR\" \/>\n<meta property=\"og:type\" content=\"article\" \/>\n<meta property=\"og:title\" content=\"Accueil - Casse-cro\u00fbte digital\" \/>\n<meta property=\"og:description\" content=\"Bienvenue dans le blog de 24-7 : le casse-cro\u00fbte digital . Dans ce blog nous parlerons des actualit\u00e9s digital du moment et de nos services.\" \/>\n<meta property=\"og:url\" content=\"https:\/\/www.24-7.fr\/blog\/\" \/>\n<meta property=\"og:site_name\" content=\"Casse-cro\u00fbte digital\" \/>\n<meta property=\"article:publisher\" content=\"https:\/\/www.facebook.com\/AgenceWeb247\/\" \/>\n<meta property=\"article:modified_time\" content=\"2024-06-20T07:58:14+00:00\" \/>\n<meta property=\"og:image\" content=\"https:\/\/www.24-7.fr\/blog\/wp-content\/uploads\/2023\/04\/blog_2016_01-gs_03.png\" \/>\n\t<meta property=\"og:image:width\" content=\"607\" \/>\n\t<meta property=\"og:image:height\" content=\"361\" \/>\n\t<meta property=\"og:image:type\" content=\"image\/png\" \/>\n<meta name=\"twitter:card\" content=\"summary_large_image\" \/>\n<meta name=\"twitter:label1\" content=\"Dur\u00e9e de lecture estim\u00e9e\" \/>\n\t<meta name=\"twitter:data1\" content=\"6 minutes\" \/>\n<script type=\"application\/ld+json\" class=\"yoast-schema-graph\">{\"@context\":\"https:\\\/\\\/schema.org\",\"@graph\":[{\"@type\":\"WebPage\",\"@id\":\"https:\\\/\\\/www.24-7.fr\\\/blog\\\/\",\"url\":\"https:\\\/\\\/www.24-7.fr\\\/blog\\\/\",\"name\":\"Accueil - Casse-cro\u00fbte digital\",\"isPartOf\":{\"@id\":\"https:\\\/\\\/www.24-7.fr\\\/blog\\\/#website\"},\"datePublished\":\"2016-11-07T15:56:58+00:00\",\"dateModified\":\"2024-06-20T07:58:14+00:00\",\"description\":\"Bienvenue dans le blog de 24-7 : le casse-cro\u00fbte digital . Dans ce blog nous parlerons des actualit\u00e9s digital du moment et de nos services.\",\"breadcrumb\":{\"@id\":\"https:\\\/\\\/www.24-7.fr\\\/blog\\\/#breadcrumb\"},\"inLanguage\":\"fr-FR\",\"potentialAction\":[{\"@type\":\"ReadAction\",\"target\":[\"https:\\\/\\\/www.24-7.fr\\\/blog\\\/\"]}]},{\"@type\":\"BreadcrumbList\",\"@id\":\"https:\\\/\\\/www.24-7.fr\\\/blog\\\/#breadcrumb\",\"itemListElement\":[{\"@type\":\"ListItem\",\"position\":1,\"name\":\"Accueil\",\"item\":\"https:\\\/\\\/www.24-7.fr\\\/blog\\\/\"},{\"@type\":\"ListItem\",\"position\":2,\"name\":\"Accueil\"}]},{\"@type\":\"WebSite\",\"@id\":\"https:\\\/\\\/www.24-7.fr\\\/blog\\\/#website\",\"url\":\"https:\\\/\\\/www.24-7.fr\\\/blog\\\/\",\"name\":\"Casse-cro\u00fbte digital\",\"description\":\"Le blog mitonn\u00e9 par l\u2019agence web 24-7 pour savourer l\u2019actu web &amp; com\",\"publisher\":{\"@id\":\"https:\\\/\\\/www.24-7.fr\\\/blog\\\/#organization\"},\"potentialAction\":[{\"@type\":\"SearchAction\",\"target\":{\"@type\":\"EntryPoint\",\"urlTemplate\":\"https:\\\/\\\/www.24-7.fr\\\/blog\\\/?s={search_term_string}\"},\"query-input\":{\"@type\":\"PropertyValueSpecification\",\"valueRequired\":true,\"valueName\":\"search_term_string\"}}],\"inLanguage\":\"fr-FR\"},{\"@type\":\"Organization\",\"@id\":\"https:\\\/\\\/www.24-7.fr\\\/blog\\\/#organization\",\"name\":\"24-7\",\"url\":\"https:\\\/\\\/www.24-7.fr\\\/blog\\\/\",\"logo\":{\"@type\":\"ImageObject\",\"inLanguage\":\"fr-FR\",\"@id\":\"https:\\\/\\\/www.24-7.fr\\\/blog\\\/#\\\/schema\\\/logo\\\/image\\\/\",\"url\":\"https:\\\/\\\/www.24-7.fr\\\/blog\\\/wp-content\\\/uploads\\\/2023\\\/04\\\/logo24-7.webp\",\"contentUrl\":\"https:\\\/\\\/www.24-7.fr\\\/blog\\\/wp-content\\\/uploads\\\/2023\\\/04\\\/logo24-7.webp\",\"width\":128,\"height\":63,\"caption\":\"24-7\"},\"image\":{\"@id\":\"https:\\\/\\\/www.24-7.fr\\\/blog\\\/#\\\/schema\\\/logo\\\/image\\\/\"},\"sameAs\":[\"https:\\\/\\\/www.facebook.com\\\/AgenceWeb247\\\/\",\"https:\\\/\\\/www.linkedin.com\\\/company\\\/24-7-agence-web\\\/\"]}]}<\/script>\n<!-- \/ Yoast SEO plugin. -->","yoast_head_json":{"title":"Accueil - Casse-cro\u00fbte digital","description":"Bienvenue dans le blog de 24-7 : le casse-cro\u00fbte digital . Dans ce blog nous parlerons des actualit\u00e9s digital du moment et de nos services.","robots":{"index":"index","follow":"follow","max-snippet":"max-snippet:-1","max-image-preview":"max-image-preview:large","max-video-preview":"max-video-preview:-1"},"canonical":"https:\/\/www.24-7.fr\/blog\/","og_locale":"fr_FR","og_type":"article","og_title":"Accueil - Casse-cro\u00fbte digital","og_description":"Bienvenue dans le blog de 24-7 : le casse-cro\u00fbte digital . Dans ce blog nous parlerons des actualit\u00e9s digital du moment et de nos services.","og_url":"https:\/\/www.24-7.fr\/blog\/","og_site_name":"Casse-cro\u00fbte digital","article_publisher":"https:\/\/www.facebook.com\/AgenceWeb247\/","article_modified_time":"2024-06-20T07:58:14+00:00","og_image":[{"width":607,"height":361,"url":"https:\/\/www.24-7.fr\/blog\/wp-content\/uploads\/2023\/04\/blog_2016_01-gs_03.png","type":"image\/png"}],"twitter_card":"summary_large_image","twitter_misc":{"Dur\u00e9e de lecture estim\u00e9e":"6 minutes"},"schema":{"@context":"https:\/\/schema.org","@graph":[{"@type":"WebPage","@id":"https:\/\/www.24-7.fr\/blog\/","url":"https:\/\/www.24-7.fr\/blog\/","name":"Accueil - Casse-cro\u00fbte digital","isPartOf":{"@id":"https:\/\/www.24-7.fr\/blog\/#website"},"datePublished":"2016-11-07T15:56:58+00:00","dateModified":"2024-06-20T07:58:14+00:00","description":"Bienvenue dans le blog de 24-7 : le casse-cro\u00fbte digital . Dans ce blog nous parlerons des actualit\u00e9s digital du moment et de nos services.","breadcrumb":{"@id":"https:\/\/www.24-7.fr\/blog\/#breadcrumb"},"inLanguage":"fr-FR","potentialAction":[{"@type":"ReadAction","target":["https:\/\/www.24-7.fr\/blog\/"]}]},{"@type":"BreadcrumbList","@id":"https:\/\/www.24-7.fr\/blog\/#breadcrumb","itemListElement":[{"@type":"ListItem","position":1,"name":"Accueil","item":"https:\/\/www.24-7.fr\/blog\/"},{"@type":"ListItem","position":2,"name":"Accueil"}]},{"@type":"WebSite","@id":"https:\/\/www.24-7.fr\/blog\/#website","url":"https:\/\/www.24-7.fr\/blog\/","name":"Casse-cro\u00fbte digital","description":"Le blog mitonn\u00e9 par l\u2019agence web 24-7 pour savourer l\u2019actu web &amp; com","publisher":{"@id":"https:\/\/www.24-7.fr\/blog\/#organization"},"potentialAction":[{"@type":"SearchAction","target":{"@type":"EntryPoint","urlTemplate":"https:\/\/www.24-7.fr\/blog\/?s={search_term_string}"},"query-input":{"@type":"PropertyValueSpecification","valueRequired":true,"valueName":"search_term_string"}}],"inLanguage":"fr-FR"},{"@type":"Organization","@id":"https:\/\/www.24-7.fr\/blog\/#organization","name":"24-7","url":"https:\/\/www.24-7.fr\/blog\/","logo":{"@type":"ImageObject","inLanguage":"fr-FR","@id":"https:\/\/www.24-7.fr\/blog\/#\/schema\/logo\/image\/","url":"https:\/\/www.24-7.fr\/blog\/wp-content\/uploads\/2023\/04\/logo24-7.webp","contentUrl":"https:\/\/www.24-7.fr\/blog\/wp-content\/uploads\/2023\/04\/logo24-7.webp","width":128,"height":63,"caption":"24-7"},"image":{"@id":"https:\/\/www.24-7.fr\/blog\/#\/schema\/logo\/image\/"},"sameAs":["https:\/\/www.facebook.com\/AgenceWeb247\/","https:\/\/www.linkedin.com\/company\/24-7-agence-web\/"]}]}},"_links":{"self":[{"href":"https:\/\/www.24-7.fr\/blog\/wp-json\/wp\/v2\/pages\/1810","targetHints":{"allow":["GET"]}}],"collection":[{"href":"https:\/\/www.24-7.fr\/blog\/wp-json\/wp\/v2\/pages"}],"about":[{"href":"https:\/\/www.24-7.fr\/blog\/wp-json\/wp\/v2\/types\/page"}],"author":[{"embeddable":true,"href":"https:\/\/www.24-7.fr\/blog\/wp-json\/wp\/v2\/users\/10"}],"replies":[{"embeddable":true,"href":"https:\/\/www.24-7.fr\/blog\/wp-json\/wp\/v2\/comments?post=1810"}],"version-history":[{"count":16,"href":"https:\/\/www.24-7.fr\/blog\/wp-json\/wp\/v2\/pages\/1810\/revisions"}],"predecessor-version":[{"id":3862,"href":"https:\/\/www.24-7.fr\/blog\/wp-json\/wp\/v2\/pages\/1810\/revisions\/3862"}],"wp:attachment":[{"href":"https:\/\/www.24-7.fr\/blog\/wp-json\/wp\/v2\/media?parent=1810"}],"curies":[{"name":"wp","href":"https:\/\/api.w.org\/{rel}","templated":true}]}}